{"id":2,"date":"2018-04-19T01:34:04","date_gmt":"2018-04-19T01:34:04","guid":{"rendered":"http:\/\/sociedadsanvicentesantarosa.org\/?page_id=2"},"modified":"2024-04-28T16:48:53","modified_gmt":"2024-04-28T21:48:53","slug":"legal","status":"publish","type":"page","link":"https:\/\/sociedadsanvicentesantarosa.org\/?page_id=2","title":{"rendered":"Documentos normativos"},"content":{"rendered":"<p><section class=\"kc-elm kc-css-141532 kc_row\"><div class=\"kc-row-container  kc-container\"><div class=\"kc-wrap-columns\"><div class=\"kc-elm kc-css-253242 kc_col-sm-12 kc_column kc_col-sm-12\"><div class=\"kc-col-container\"><div class=\"kc-elm kc-css-113708 kc-animated kc-animate-eff-rollIn kc_text_block\"><\/p>\n<p style=\"text-align: justify;\">La <strong>SOCIEDAD DE SAN VICENTE DE PA\u00daL<\/strong> DE SANTA ROSA DE CABAL ha tramitado ante la DIAN su permanec\u00eda en el R\u00e9gimen especial; por tal motivo ponemos a disposici\u00f3n p\u00fablica los siguientes documentos para que sean visualizados y descargados. En caso de cualquier inquietud puede escribirnos en la opci\u00f3n de CONTACTO de esta p\u00e1gina web o al correo electr\u00f3nico: ssvpsantarosadecabal@gmail.com<\/p>\n<p>\n<\/div><div class=\"kc-elm kc-css-108560 kc_text_block\"><\/p>\n<table style=\"width: 100%;\">\n<tbody>\n<tr>\n<th>\n<figure id=\"attachment_50\" aria-describedby=\"caption-attachment-50\" style=\"width: 150px\" class=\"wp-caption aligncenter\"><a title=\"ESTATUTOS\" href=\"https:\/\/sociedadsanvicentesantarosa.org\/wp-content\/uploads\/2018\/04\/estatutos-.pdf\" target=\"_blank\" rel=\"noopener noreferrer\"><img loading=\"lazy\" decoding=\"async\" class=\"wp-image-50\" src=\"https:\/\/sociedadsanvicentesantarosa.org\/wp-content\/uploads\/2018\/04\/images.png\" alt=\"\" width=\"150\" height=\"150\" \/><\/a><figcaption id=\"caption-attachment-50\" class=\"wp-caption-text\"><strong>ESTATUTOS\u00a0<\/strong><\/figcaption><\/figure>\n<\/th>\n<th>\n<figure id=\"attachment_50\" aria-describedby=\"caption-attachment-50\" style=\"width: 150px\" class=\"wp-caption aligncenter\"><a title=\"GESTION\" href=\"https:\/\/sociedadsanvicentesantarosa.org\/wp-content\/uploads\/2021\/03\/INFORME-DE-GESTION-2020.pdf\" target=\"_blank\" rel=\"noopener noreferrer\"><img loading=\"lazy\" decoding=\"async\" class=\"wp-image-50\" src=\"https:\/\/sociedadsanvicentesantarosa.org\/wp-content\/uploads\/2018\/04\/images.png\" alt=\"\" width=\"150\" height=\"150\" \/><\/a><figcaption id=\"caption-attachment-50\" class=\"wp-caption-text\"><strong>INFORME DE GESTI\u00d3N<\/strong><\/figcaption><\/figure>\n<\/th>\n<th>\n<figure id=\"attachment_50\" aria-describedby=\"caption-attachment-50\" style=\"width: 150px\" class=\"wp-caption aligncenter\"><a title=\"ESTADOS\" href=\"https:\/\/sociedadsanvicentesantarosa.org\/wp-content\/uploads\/2021\/03\/ESTADOS-FINANCIEROS-2020.pdf\" target=\"_blank\" rel=\"noopener noreferrer\"><img loading=\"lazy\" decoding=\"async\" class=\"wp-image-50\" src=\"https:\/\/sociedadsanvicentesantarosa.org\/wp-content\/uploads\/2018\/04\/images.png\" alt=\"\" width=\"150\" height=\"150\" \/><\/a><figcaption id=\"caption-attachment-50\" class=\"wp-caption-text\"><strong>ESTADOS FINANCIEROS 2020<\/strong><\/figcaption><\/figure>\n<\/th>\n<\/tr>\n<tr>\n<td>\n<figure id=\"attachment_50\" aria-describedby=\"caption-attachment-50\" style=\"width: 150px\" class=\"wp-caption aligncenter\"><a title=\"DECLARACION\" href=\"https:\/\/sociedadsanvicentesantarosa.org\/wp-content\/uploads\/2020\/06\/declaraci\u00f3n-renta.pdf\" target=\"_blank\" rel=\"noopener noreferrer\"><img loading=\"lazy\" decoding=\"async\" class=\"wp-image-50\" src=\"https:\/\/sociedadsanvicentesantarosa.org\/wp-content\/uploads\/2018\/04\/images.png\" alt=\"\" width=\"150\" height=\"150\" \/><\/a><figcaption id=\"caption-attachment-50\" class=\"wp-caption-text\"><strong>DECLARACI\u00d3N DE RENTA<\/strong><\/figcaption><\/figure>\n<\/td>\n<td>\n<figure id=\"attachment_50\" aria-describedby=\"caption-attachment-50\" style=\"width: 150px\" class=\"wp-caption aligncenter\"><a title=\"CERTIFICADO\" href=\"https:\/\/sociedadsanvicentesantarosa.org\/wp-content\/uploads\/2021\/03\/CERTIFICADO-REP-LEGAL.pdf\" target=\"_blank\" rel=\"noopener noreferrer\"><img loading=\"lazy\" decoding=\"async\" class=\"wp-image-50\" src=\"https:\/\/sociedadsanvicentesantarosa.org\/wp-content\/uploads\/2018\/04\/images.png\" alt=\"\" width=\"150\" height=\"150\" \/><\/a><figcaption id=\"caption-attachment-50\" class=\"wp-caption-text\"><strong>CERTIFICADO DE EXISTENCIA Y REPRESENTACI\u00d3N LEGAL<\/strong><\/figcaption><\/figure>\n<\/td>\n<td>\n<figure id=\"attachment_50\" aria-describedby=\"caption-attachment-50\" style=\"width: 150px\" class=\"wp-caption aligncenter\"><a title=\"CERTIFICADO1\" href=\"https:\/\/sociedadsanvicentesantarosa.org\/wp-content\/uploads\/2021\/03\/CERTIFICADO-REP-LEGAL-Y-CONTADORA.pdf\" target=\"_blank\" rel=\"noopener noreferrer\"><img loading=\"lazy\" decoding=\"async\" class=\"wp-image-50\" src=\"https:\/\/sociedadsanvicentesantarosa.org\/wp-content\/uploads\/2018\/04\/images.png\" alt=\"\" width=\"150\" height=\"150\" \/><\/a><figcaption id=\"caption-attachment-50\" class=\"wp-caption-text\"><strong>CERTIFICACI\u00d3N DEL REPRESENTANTE LEGAL<\/strong><\/figcaption><\/figure>\n<\/td>\n<\/tr>\n<tr>\n<td>\n<figure id=\"attachment_50\" aria-describedby=\"caption-attachment-50\" style=\"width: 150px\" class=\"wp-caption aligncenter\"><a title=\"ANTECEDENTES\" href=\"https:\/\/sociedadsanvicentesantarosa.org\/wp-content\/uploads\/2020\/05\/CERTIFICADO-REP-LEGAL.pdf\" target=\"_blank\" rel=\"noopener noreferrer\"><img loading=\"lazy\" decoding=\"async\" class=\"wp-image-50\" src=\"https:\/\/sociedadsanvicentesantarosa.org\/wp-content\/uploads\/2018\/04\/images.png\" alt=\"\" width=\"150\" height=\"150\" \/><\/a><figcaption id=\"caption-attachment-50\" class=\"wp-caption-text\"><strong>CERTIFICACI\u00d3N ANTECEDENTES <\/strong><\/figcaption><\/figure>\n<\/td>\n<td>\n<figure id=\"attachment_50\" aria-describedby=\"caption-attachment-50\" style=\"width: 150px\" class=\"wp-caption aligncenter\"><a title=\"ACTA DE CONSTITUCI\u00d3N\" href=\"https:\/\/sociedadsanvicentesantarosa.org\/wp-content\/uploads\/2018\/04\/Constitucion.pdf\" target=\"_blank\" rel=\"noopener noreferrer\"><img loading=\"lazy\" decoding=\"async\" class=\"wp-image-50\" src=\"https:\/\/sociedadsanvicentesantarosa.org\/wp-content\/uploads\/2018\/04\/images.png\" alt=\"\" width=\"150\" height=\"150\" \/><\/a><figcaption id=\"caption-attachment-50\" class=\"wp-caption-text\"><strong>ACTA DE CONSTITUCI\u00d3N<\/strong><\/figcaption><\/figure>\n<\/td>\n<td>\n<figure id=\"attachment_50\" aria-describedby=\"caption-attachment-50\" style=\"width: 150px\" class=\"wp-caption aligncenter\"><a title=\"ACTA ASAMBLEA\" href=\"https:\/\/sociedadsanvicentesantarosa.org\/wp-content\/uploads\/2021\/03\/ACTA-DE-ASAMBLEA.pdf\" target=\"_blank\" rel=\"noopener noreferrer\"><img loading=\"lazy\" decoding=\"async\" class=\"wp-image-50\" src=\"https:\/\/sociedadsanvicentesantarosa.org\/wp-content\/uploads\/2018\/04\/images.png\" alt=\"\" width=\"150\" height=\"150\" \/><\/a><figcaption id=\"caption-attachment-50\" class=\"wp-caption-text\"><strong>ACTA ASAMBLEA<\/strong><\/figcaption><\/figure>\n<\/td>\n<\/tr>\n<tr>\n<td>\n<figure id=\"attachment_50\" aria-describedby=\"caption-attachment-50\" style=\"width: 150px\" class=\"wp-caption aligncenter\"><a title=\"JUNTA DIRECTIVA\" href=\"https:\/\/sociedadsanvicentesantarosa.org\/wp-content\/uploads\/2020\/05\/CONFORMACI\u00d3N-JUNTA-DIRECTIVA.pdf\" target=\"_blank\" rel=\"noopener noreferrer\"><img loading=\"lazy\" decoding=\"async\" class=\"wp-image-50\" src=\"https:\/\/sociedadsanvicentesantarosa.org\/wp-content\/uploads\/2018\/04\/images.png\" alt=\"\" width=\"150\" height=\"150\" \/><\/a><figcaption id=\"caption-attachment-50\" class=\"wp-caption-text\"><strong>JUNTA DIRECTIVA<\/strong><\/figcaption><\/figure>\n<\/td>\n<td>\n<figure id=\"attachment_50\" aria-describedby=\"caption-attachment-50\" style=\"width: 150px\" class=\"wp-caption aligncenter\"><a title=\"FUNDADORES\" href=\"https:\/\/sociedadsanvicentesantarosa.org\/wp-content\/uploads\/2018\/04\/FUNDADORES.pdf\" target=\"_blank\" rel=\"noopener noreferrer\"><img loading=\"lazy\" decoding=\"async\" class=\"wp-image-50\" src=\"https:\/\/sociedadsanvicentesantarosa.org\/wp-content\/uploads\/2018\/04\/images.png\" alt=\"\" width=\"150\" height=\"150\" \/><\/a><figcaption id=\"caption-attachment-50\" class=\"wp-caption-text\"><strong>FUNDADORES<\/strong><\/figcaption><\/figure>\n<\/td>\n<\/tr>\n<\/tbody>\n<\/table>\n<p>\n<\/div><\/div><\/div><\/div><\/div><\/section><section class=\"kc-elm kc-css-736621 kc_row\"><div class=\"kc-row-container  kc-container\"><div class=\"kc-wrap-columns\"><div class=\"kc-elm kc-css-487950 kc_col-sm-12 kc_column kc_col-sm-12\"><div class=\"kc-col-container\"><\/div><\/div><\/div><\/div><\/section><\/p>\n","protected":false},"excerpt":{"rendered":"","protected":false},"author":1,"featured_media":0,"parent":0,"menu_order":0,"comment_status":"closed","ping_status":"open","template":"","meta":{"footnotes":""},"class_list":["post-2","page","type-page","status-publish","hentry"],"_links":{"self":[{"href":"https:\/\/sociedadsanvicentesantarosa.org\/index.php?rest_route=\/wp\/v2\/pages\/2","targetHints":{"allow":["GET"]}}],"collection":[{"href":"https:\/\/sociedadsanvicentesantarosa.org\/index.php?rest_route=\/wp\/v2\/pages"}],"about":[{"href":"https:\/\/sociedadsanvicentesantarosa.org\/index.php?rest_route=\/wp\/v2\/types\/page"}],"author":[{"embeddable":true,"href":"https:\/\/sociedadsanvicentesantarosa.org\/index.php?rest_route=\/wp\/v2\/users\/1"}],"replies":[{"embeddable":true,"href":"https:\/\/sociedadsanvicentesantarosa.org\/index.php?rest_route=%2Fwp%2Fv2%2Fcomments&post=2"}],"version-history":[{"count":46,"href":"https:\/\/sociedadsanvicentesantarosa.org\/index.php?rest_route=\/wp\/v2\/pages\/2\/revisions"}],"predecessor-version":[{"id":763,"href":"https:\/\/sociedadsanvicentesantarosa.org\/index.php?rest_route=\/wp\/v2\/pages\/2\/revisions\/763"}],"wp:attachment":[{"href":"https:\/\/sociedadsanvicentesantarosa.org\/index.php?rest_route=%2Fwp%2Fv2%2Fmedia&parent=2"}],"curies":[{"name":"wp","href":"https:\/\/api.w.org\/{rel}","templated":true}]}}